{"id":32,"date":"2020-06-17T08:31:36","date_gmt":"2020-06-17T08:31:36","guid":{"rendered":"https:\/\/themes.muffingroup.com\/be\/artist3\/?post_type=product&#038;p=32"},"modified":"2024-12-19T14:26:01","modified_gmt":"2024-12-19T12:26:01","slug":"lorem-ipsum-dolor","status":"publish","type":"product","link":"https:\/\/www.inreghin.ro\/marcel-naste\/produs\/lorem-ipsum-dolor\/","title":{"rendered":"Cruce de m\u00e2n\u0103"},"content":{"rendered":"","protected":false},"excerpt":{"rendered":"","protected":false},"featured_media":300,"comment_status":"closed","ping_status":"closed","template":"","meta":{"inline_featured_image":false},"product_brand":[],"product_cat":[16],"product_tag":[],"class_list":{"0":"post-32","1":"product","2":"type-product","3":"status-publish","4":"has-post-thumbnail","6":"product_cat-pictura-moderna","8":"first","9":"instock","10":"taxable","11":"shipping-taxable","12":"purchasable","13":"product-type-simple"},"yoast_head":"<!-- This site is optimized with the Yoast SEO plugin v27.5 - https:\/\/yoast.com\/product\/yoast-seo-wordpress\/ -->\n<title>Cruce de m\u00e2n\u0103 - Marcel Naste - despre cultur\u0103 \u0219i crea\u021bie<\/title>\n<meta name=\"robots\" content=\"index, follow, max-snippet:-1, max-image-preview:large, max-video-preview:-1\" \/>\n<link rel=\"canonical\" href=\"https:\/\/www.inreghin.ro\/marcel-naste\/produs\/lorem-ipsum-dolor\/\" \/>\n<meta property=\"og:locale\" content=\"ro_RO\" \/>\n<meta property=\"og:type\" content=\"article\" \/>\n<meta property=\"og:title\" content=\"Cruce de m\u00e2n\u0103 - Marcel Naste - despre cultur\u0103 \u0219i crea\u021bie\" \/>\n<meta property=\"og:url\" content=\"https:\/\/www.inreghin.ro\/marcel-naste\/produs\/lorem-ipsum-dolor\/\" \/>\n<meta property=\"og:site_name\" content=\"Marcel Naste - despre cultur\u0103 \u0219i crea\u021bie\" \/>\n<meta property=\"article:modified_time\" content=\"2024-12-19T12:26:01+00:00\" \/>\n<meta property=\"og:image\" content=\"https:\/\/www.inreghin.ro\/marcel-naste\/wp-content\/uploads\/sites\/2\/2021\/09\/DSC_4924-scaled.jpg\" \/>\n\t<meta property=\"og:image:width\" content=\"1707\" \/>\n\t<meta property=\"og:image:height\" content=\"2560\" \/>\n\t<meta property=\"og:image:type\" content=\"image\/jpeg\" \/>\n<meta name=\"twitter:card\" content=\"summary_large_image\" \/>\n<meta name=\"twitter:label1\" content=\"Timp estimat pentru citire\" \/>\n\t<meta name=\"twitter:data1\" content=\"1 minut\" \/>\n<script type=\"application\/ld+json\" class=\"yoast-schema-graph\">{\"@context\":\"https:\\\/\\\/schema.org\",\"@graph\":[{\"@type\":\"WebPage\",\"@id\":\"https:\\\/\\\/www.inreghin.ro\\\/marcel-naste\\\/produs\\\/lorem-ipsum-dolor\\\/\",\"url\":\"https:\\\/\\\/www.inreghin.ro\\\/marcel-naste\\\/produs\\\/lorem-ipsum-dolor\\\/\",\"name\":\"Cruce de m\u00e2n\u0103 - Marcel Naste - despre cultur\u0103 \u0219i crea\u021bie\",\"isPartOf\":{\"@id\":\"https:\\\/\\\/www.inreghin.ro\\\/marcel-naste\\\/#website\"},\"primaryImageOfPage\":{\"@id\":\"https:\\\/\\\/www.inreghin.ro\\\/marcel-naste\\\/produs\\\/lorem-ipsum-dolor\\\/#primaryimage\"},\"image\":{\"@id\":\"https:\\\/\\\/www.inreghin.ro\\\/marcel-naste\\\/produs\\\/lorem-ipsum-dolor\\\/#primaryimage\"},\"thumbnailUrl\":\"https:\\\/\\\/www.inreghin.ro\\\/marcel-naste\\\/wp-content\\\/uploads\\\/sites\\\/2\\\/2021\\\/09\\\/DSC_4924-scaled.jpg\",\"datePublished\":\"2020-06-17T08:31:36+00:00\",\"dateModified\":\"2024-12-19T12:26:01+00:00\",\"breadcrumb\":{\"@id\":\"https:\\\/\\\/www.inreghin.ro\\\/marcel-naste\\\/produs\\\/lorem-ipsum-dolor\\\/#breadcrumb\"},\"inLanguage\":\"ro-RO\",\"potentialAction\":[{\"@type\":\"ReadAction\",\"target\":[\"https:\\\/\\\/www.inreghin.ro\\\/marcel-naste\\\/produs\\\/lorem-ipsum-dolor\\\/\"]}]},{\"@type\":\"ImageObject\",\"inLanguage\":\"ro-RO\",\"@id\":\"https:\\\/\\\/www.inreghin.ro\\\/marcel-naste\\\/produs\\\/lorem-ipsum-dolor\\\/#primaryimage\",\"url\":\"https:\\\/\\\/www.inreghin.ro\\\/marcel-naste\\\/wp-content\\\/uploads\\\/sites\\\/2\\\/2021\\\/09\\\/DSC_4924-scaled.jpg\",\"contentUrl\":\"https:\\\/\\\/www.inreghin.ro\\\/marcel-naste\\\/wp-content\\\/uploads\\\/sites\\\/2\\\/2021\\\/09\\\/DSC_4924-scaled.jpg\",\"width\":1707,\"height\":2560},{\"@type\":\"BreadcrumbList\",\"@id\":\"https:\\\/\\\/www.inreghin.ro\\\/marcel-naste\\\/produs\\\/lorem-ipsum-dolor\\\/#breadcrumb\",\"itemListElement\":[{\"@type\":\"ListItem\",\"position\":1,\"name\":\"Home\",\"item\":\"https:\\\/\\\/www.inreghin.ro\\\/marcel-naste\\\/\"},{\"@type\":\"ListItem\",\"position\":2,\"name\":\"Magazin\",\"item\":\"https:\\\/\\\/www.inreghin.ro\\\/marcel-naste\\\/magazin\\\/\"},{\"@type\":\"ListItem\",\"position\":3,\"name\":\"Cruce de m\u00e2n\u0103\"}]},{\"@type\":\"WebSite\",\"@id\":\"https:\\\/\\\/www.inreghin.ro\\\/marcel-naste\\\/#website\",\"url\":\"https:\\\/\\\/www.inreghin.ro\\\/marcel-naste\\\/\",\"name\":\"Marcel Naste - despre cultur\u0103 \u0219i crea\u021bie\",\"description\":\"\",\"potentialAction\":[{\"@type\":\"SearchAction\",\"target\":{\"@type\":\"EntryPoint\",\"urlTemplate\":\"https:\\\/\\\/www.inreghin.ro\\\/marcel-naste\\\/?s={search_term_string}\"},\"query-input\":{\"@type\":\"PropertyValueSpecification\",\"valueRequired\":true,\"valueName\":\"search_term_string\"}}],\"inLanguage\":\"ro-RO\"}]}<\/script>\n<!-- \/ Yoast SEO plugin. -->","yoast_head_json":{"title":"Cruce de m\u00e2n\u0103 - Marcel Naste - despre cultur\u0103 \u0219i crea\u021bie","robots":{"index":"index","follow":"follow","max-snippet":"max-snippet:-1","max-image-preview":"max-image-preview:large","max-video-preview":"max-video-preview:-1"},"canonical":"https:\/\/www.inreghin.ro\/marcel-naste\/produs\/lorem-ipsum-dolor\/","og_locale":"ro_RO","og_type":"article","og_title":"Cruce de m\u00e2n\u0103 - Marcel Naste - despre cultur\u0103 \u0219i crea\u021bie","og_url":"https:\/\/www.inreghin.ro\/marcel-naste\/produs\/lorem-ipsum-dolor\/","og_site_name":"Marcel Naste - despre cultur\u0103 \u0219i crea\u021bie","article_modified_time":"2024-12-19T12:26:01+00:00","og_image":[{"width":1707,"height":2560,"url":"https:\/\/www.inreghin.ro\/marcel-naste\/wp-content\/uploads\/sites\/2\/2021\/09\/DSC_4924-scaled.jpg","type":"image\/jpeg"}],"twitter_card":"summary_large_image","twitter_misc":{"Timp estimat pentru citire":"1 minut"},"schema":{"@context":"https:\/\/schema.org","@graph":[{"@type":"WebPage","@id":"https:\/\/www.inreghin.ro\/marcel-naste\/produs\/lorem-ipsum-dolor\/","url":"https:\/\/www.inreghin.ro\/marcel-naste\/produs\/lorem-ipsum-dolor\/","name":"Cruce de m\u00e2n\u0103 - Marcel Naste - despre cultur\u0103 \u0219i crea\u021bie","isPartOf":{"@id":"https:\/\/www.inreghin.ro\/marcel-naste\/#website"},"primaryImageOfPage":{"@id":"https:\/\/www.inreghin.ro\/marcel-naste\/produs\/lorem-ipsum-dolor\/#primaryimage"},"image":{"@id":"https:\/\/www.inreghin.ro\/marcel-naste\/produs\/lorem-ipsum-dolor\/#primaryimage"},"thumbnailUrl":"https:\/\/www.inreghin.ro\/marcel-naste\/wp-content\/uploads\/sites\/2\/2021\/09\/DSC_4924-scaled.jpg","datePublished":"2020-06-17T08:31:36+00:00","dateModified":"2024-12-19T12:26:01+00:00","breadcrumb":{"@id":"https:\/\/www.inreghin.ro\/marcel-naste\/produs\/lorem-ipsum-dolor\/#breadcrumb"},"inLanguage":"ro-RO","potentialAction":[{"@type":"ReadAction","target":["https:\/\/www.inreghin.ro\/marcel-naste\/produs\/lorem-ipsum-dolor\/"]}]},{"@type":"ImageObject","inLanguage":"ro-RO","@id":"https:\/\/www.inreghin.ro\/marcel-naste\/produs\/lorem-ipsum-dolor\/#primaryimage","url":"https:\/\/www.inreghin.ro\/marcel-naste\/wp-content\/uploads\/sites\/2\/2021\/09\/DSC_4924-scaled.jpg","contentUrl":"https:\/\/www.inreghin.ro\/marcel-naste\/wp-content\/uploads\/sites\/2\/2021\/09\/DSC_4924-scaled.jpg","width":1707,"height":2560},{"@type":"BreadcrumbList","@id":"https:\/\/www.inreghin.ro\/marcel-naste\/produs\/lorem-ipsum-dolor\/#breadcrumb","itemListElement":[{"@type":"ListItem","position":1,"name":"Home","item":"https:\/\/www.inreghin.ro\/marcel-naste\/"},{"@type":"ListItem","position":2,"name":"Magazin","item":"https:\/\/www.inreghin.ro\/marcel-naste\/magazin\/"},{"@type":"ListItem","position":3,"name":"Cruce de m\u00e2n\u0103"}]},{"@type":"WebSite","@id":"https:\/\/www.inreghin.ro\/marcel-naste\/#website","url":"https:\/\/www.inreghin.ro\/marcel-naste\/","name":"Marcel Naste - despre cultur\u0103 \u0219i crea\u021bie","description":"","potentialAction":[{"@type":"SearchAction","target":{"@type":"EntryPoint","urlTemplate":"https:\/\/www.inreghin.ro\/marcel-naste\/?s={search_term_string}"},"query-input":{"@type":"PropertyValueSpecification","valueRequired":true,"valueName":"search_term_string"}}],"inLanguage":"ro-RO"}]}},"_links":{"self":[{"href":"https:\/\/www.inreghin.ro\/marcel-naste\/wp-json\/wp\/v2\/product\/32","targetHints":{"allow":["GET"]}}],"collection":[{"href":"https:\/\/www.inreghin.ro\/marcel-naste\/wp-json\/wp\/v2\/product"}],"about":[{"href":"https:\/\/www.inreghin.ro\/marcel-naste\/wp-json\/wp\/v2\/types\/product"}],"replies":[{"embeddable":true,"href":"https:\/\/www.inreghin.ro\/marcel-naste\/wp-json\/wp\/v2\/comments?post=32"}],"wp:featuredmedia":[{"embeddable":true,"href":"https:\/\/www.inreghin.ro\/marcel-naste\/wp-json\/wp\/v2\/media\/300"}],"wp:attachment":[{"href":"https:\/\/www.inreghin.ro\/marcel-naste\/wp-json\/wp\/v2\/media?parent=32"}],"wp:term":[{"taxonomy":"product_brand","embeddable":true,"href":"https:\/\/www.inreghin.ro\/marcel-naste\/wp-json\/wp\/v2\/product_brand?post=32"},{"taxonomy":"product_cat","embeddable":true,"href":"https:\/\/www.inreghin.ro\/marcel-naste\/wp-json\/wp\/v2\/product_cat?post=32"},{"taxonomy":"product_tag","embeddable":true,"href":"https:\/\/www.inreghin.ro\/marcel-naste\/wp-json\/wp\/v2\/product_tag?post=32"}],"curies":[{"name":"wp","href":"https:\/\/api.w.org\/{rel}","templated":true}]}}