{"id":18,"date":"2020-06-11T11:03:46","date_gmt":"2020-06-11T11:03:46","guid":{"rendered":"https:\/\/themes.muffingroup.com\/be\/artist3\/?page_id=18"},"modified":"2022-09-25T14:46:43","modified_gmt":"2022-09-25T11:46:43","slug":"contact","status":"publish","type":"page","link":"https:\/\/www.inreghin.ro\/marcel-naste\/contact\/","title":{"rendered":"Contact"},"content":{"rendered":"\t\t<div data-elementor-type=\"wp-page\" data-elementor-id=\"18\" class=\"elementor elementor-18\">\n\t\t\t\t\t\t<section class=\"elementor-section elementor-top-section elementor-element elementor-element-caf980a elementor-section-stretched elementor-section-boxed elementor-section-height-default elementor-section-height-default\" data-id=\"caf980a\" data-element_type=\"section\" data-e-type=\"section\" data-settings=\"{&quot;stretch_section&quot;:&quot;section-stretched&quot;,&quot;background_background&quot;:&quot;classic&quot;}\">\n\t\t\t\t\t\t<div class=\"elementor-container elementor-column-gap-wider\">\n\t\t\t\t\t<div class=\"elementor-column elementor-col-100 elementor-top-column elementor-element elementor-element-dbfcfec\" data-id=\"dbfcfec\" data-element_type=\"column\" data-e-type=\"column\">\n\t\t\t<div class=\"elementor-widget-wrap elementor-element-populated\">\n\t\t\t\t\t\t<div class=\"elementor-element elementor-element-faaedea elementor-widget elementor-widget-text-editor\" data-id=\"faaedea\" data-element_type=\"widget\" data-e-type=\"widget\" data-widget_type=\"text-editor.default\">\n\t\t\t\t<div class=\"elementor-widget-container\">\n\t\t\t\t\t\t\t\t\t<h1 style=\"text-align: right\"><strong><em>Nu ezita<\/em><\/strong><\/h1><h1 style=\"text-align: right\"><strong><em> s\u0103 m\u0103<\/em><\/strong><\/h1><h1 style=\"text-align: right\"><strong><em> contactezi!<\/em><\/strong><\/h1>\t\t\t\t\t\t\t\t<\/div>\n\t\t\t\t<\/div>\n\t\t\t\t<div class=\"elementor-element elementor-element-fdf9551 elementor-invisible elementor-widget elementor-widget-text-editor\" data-id=\"fdf9551\" data-element_type=\"widget\" data-e-type=\"widget\" data-settings=\"{&quot;_animation&quot;:&quot;fadeInUp&quot;}\" data-widget_type=\"text-editor.default\">\n\t\t\t\t<div class=\"elementor-widget-container\">\n\t\t\t\t\t\t\t\t\t<h3><span style=\"color: #ffffff\"><em>&#8230; sunt aici pentru tine, tot ce trebuie sa faci, este s\u0103 alegi unul dintre tablourile din galerie \u0219i s\u0103 solici\u021bi o ofert\u0103.\u00a0<\/em><\/span><\/h3><h3><span style=\"color: #ffffff\"><em>Tema, dimensitnea si subiectul tabloului se poate personaliza \u00een func\u021bie de solicitare&#8230;<\/em><\/span><\/h3><h3><span style=\"color: #ffffff\"><em>\u00a0<\/em><\/span><\/h3>\t\t\t\t\t\t\t\t<\/div>\n\t\t\t\t<\/div>\n\t\t\t\t<section class=\"elementor-section elementor-inner-section elementor-element elementor-element-2ab074e elementor-hidden-desktop elementor-hidden-tablet elementor-hidden-phone elementor-section-full_width elementor-section-height-default elementor-section-height-default\" data-id=\"2ab074e\" data-element_type=\"section\" data-e-type=\"section\">\n\t\t\t\t\t\t\t<div class=\"elementor-background-overlay\"><\/div>\n\t\t\t\t\t\t\t<div class=\"elementor-container elementor-column-gap-default\">\n\t\t\t\t\t<div class=\"elementor-column elementor-col-33 elementor-inner-column elementor-element elementor-element-e30f4ed\" data-id=\"e30f4ed\" data-element_type=\"column\" data-e-type=\"column\">\n\t\t\t<div class=\"elementor-widget-wrap elementor-element-populated\">\n\t\t\t\t\t\t<div class=\"elementor-element elementor-element-33b8466 elementor-widget elementor-widget-image\" data-id=\"33b8466\" data-element_type=\"widget\" data-e-type=\"widget\" data-widget_type=\"image.default\">\n\t\t\t\t<div class=\"elementor-widget-container\">\n\t\t\t\t\t\t\t\t\t\t\t\t\t\t\t<img decoding=\"async\" width=\"140\" height=\"139\" src=\"https:\/\/www.inreghin.ro\/marcel-naste\/wp-content\/uploads\/sites\/2\/2020\/06\/artist3-contact-icon-3.png\" class=\"attachment-large size-large wp-image-108\" alt=\"\" srcset=\"https:\/\/www.inreghin.ro\/marcel-naste\/wp-content\/uploads\/sites\/2\/2020\/06\/artist3-contact-icon-3.png 140w, https:\/\/www.inreghin.ro\/marcel-naste\/wp-content\/uploads\/sites\/2\/2020\/06\/artist3-contact-icon-3-50x50.png 50w, https:\/\/www.inreghin.ro\/marcel-naste\/wp-content\/uploads\/sites\/2\/2020\/06\/artist3-contact-icon-3-76x75.png 76w, https:\/\/www.inreghin.ro\/marcel-naste\/wp-content\/uploads\/sites\/2\/2020\/06\/artist3-contact-icon-3-85x85.png 85w, https:\/\/www.inreghin.ro\/marcel-naste\/wp-content\/uploads\/sites\/2\/2020\/06\/artist3-contact-icon-3-80x80.png 80w\" sizes=\"(max-width:767px) 140px, 140px\" \/>\t\t\t\t\t\t\t\t\t\t\t\t\t\t\t<\/div>\n\t\t\t\t<\/div>\n\t\t\t\t<div class=\"elementor-element elementor-element-4bd3a25 elementor-widget elementor-widget-text-editor\" data-id=\"4bd3a25\" data-element_type=\"widget\" data-e-type=\"widget\" data-widget_type=\"text-editor.default\">\n\t\t\t\t<div class=\"elementor-widget-container\">\n\t\t\t\t\t\t\t\t\t<p><span style=\"color: #ffffff\">O idee!<\/span><\/p>\t\t\t\t\t\t\t\t<\/div>\n\t\t\t\t<\/div>\n\t\t\t\t\t<\/div>\n\t\t<\/div>\n\t\t\t\t<div class=\"elementor-column elementor-col-33 elementor-inner-column elementor-element elementor-element-239478e\" data-id=\"239478e\" data-element_type=\"column\" data-e-type=\"column\">\n\t\t\t<div class=\"elementor-widget-wrap elementor-element-populated\">\n\t\t\t\t\t\t<div class=\"elementor-element elementor-element-4ad6475 elementor-widget elementor-widget-image\" data-id=\"4ad6475\" data-element_type=\"widget\" data-e-type=\"widget\" data-widget_type=\"image.default\">\n\t\t\t\t<div class=\"elementor-widget-container\">\n\t\t\t\t\t\t\t\t\t\t\t\t\t\t\t<img decoding=\"async\" width=\"140\" height=\"139\" src=\"https:\/\/www.inreghin.ro\/marcel-naste\/wp-content\/uploads\/sites\/2\/2020\/06\/artist3-contact-icon-2.png\" class=\"attachment-large size-large wp-image-109\" alt=\"\" srcset=\"https:\/\/www.inreghin.ro\/marcel-naste\/wp-content\/uploads\/sites\/2\/2020\/06\/artist3-contact-icon-2.png 140w, https:\/\/www.inreghin.ro\/marcel-naste\/wp-content\/uploads\/sites\/2\/2020\/06\/artist3-contact-icon-2-50x50.png 50w, https:\/\/www.inreghin.ro\/marcel-naste\/wp-content\/uploads\/sites\/2\/2020\/06\/artist3-contact-icon-2-76x75.png 76w, https:\/\/www.inreghin.ro\/marcel-naste\/wp-content\/uploads\/sites\/2\/2020\/06\/artist3-contact-icon-2-85x85.png 85w, https:\/\/www.inreghin.ro\/marcel-naste\/wp-content\/uploads\/sites\/2\/2020\/06\/artist3-contact-icon-2-80x80.png 80w\" sizes=\"(max-width:767px) 140px, 140px\" \/>\t\t\t\t\t\t\t\t\t\t\t\t\t\t\t<\/div>\n\t\t\t\t<\/div>\n\t\t\t\t<div class=\"elementor-element elementor-element-f697d26 elementor-widget elementor-widget-text-editor\" data-id=\"f697d26\" data-element_type=\"widget\" data-e-type=\"widget\" data-widget_type=\"text-editor.default\">\n\t\t\t\t<div class=\"elementor-widget-container\">\n\t\t\t\t\t\t\t\t\t<p><span style=\"color: #ffffff\">Un proiect!<\/span><\/p>\t\t\t\t\t\t\t\t<\/div>\n\t\t\t\t<\/div>\n\t\t\t\t\t<\/div>\n\t\t<\/div>\n\t\t\t\t<div class=\"elementor-column elementor-col-33 elementor-inner-column elementor-element elementor-element-b150e84\" data-id=\"b150e84\" data-element_type=\"column\" data-e-type=\"column\">\n\t\t\t<div class=\"elementor-widget-wrap elementor-element-populated\">\n\t\t\t\t\t\t<div class=\"elementor-element elementor-element-35bb374 elementor-widget elementor-widget-image\" data-id=\"35bb374\" data-element_type=\"widget\" data-e-type=\"widget\" data-widget_type=\"image.default\">\n\t\t\t\t<div class=\"elementor-widget-container\">\n\t\t\t\t\t\t\t\t\t\t\t\t\t\t\t<img decoding=\"async\" width=\"140\" height=\"139\" src=\"https:\/\/www.inreghin.ro\/marcel-naste\/wp-content\/uploads\/sites\/2\/2020\/06\/artist3-contact-icon-1.png\" class=\"attachment-large size-large wp-image-110\" alt=\"\" srcset=\"https:\/\/www.inreghin.ro\/marcel-naste\/wp-content\/uploads\/sites\/2\/2020\/06\/artist3-contact-icon-1.png 140w, https:\/\/www.inreghin.ro\/marcel-naste\/wp-content\/uploads\/sites\/2\/2020\/06\/artist3-contact-icon-1-50x50.png 50w, https:\/\/www.inreghin.ro\/marcel-naste\/wp-content\/uploads\/sites\/2\/2020\/06\/artist3-contact-icon-1-76x75.png 76w, https:\/\/www.inreghin.ro\/marcel-naste\/wp-content\/uploads\/sites\/2\/2020\/06\/artist3-contact-icon-1-85x85.png 85w, https:\/\/www.inreghin.ro\/marcel-naste\/wp-content\/uploads\/sites\/2\/2020\/06\/artist3-contact-icon-1-80x80.png 80w\" sizes=\"(max-width:767px) 140px, 140px\" \/>\t\t\t\t\t\t\t\t\t\t\t\t\t\t\t<\/div>\n\t\t\t\t<\/div>\n\t\t\t\t<div class=\"elementor-element elementor-element-3692a0f elementor-widget elementor-widget-text-editor\" data-id=\"3692a0f\" data-element_type=\"widget\" data-e-type=\"widget\" data-widget_type=\"text-editor.default\">\n\t\t\t\t<div class=\"elementor-widget-container\">\n\t\t\t\t\t\t\t\t\t<p><span style=\"color: #ffffff\">O crea\u021bie livrat\u0103!<\/span><\/p>\t\t\t\t\t\t\t\t<\/div>\n\t\t\t\t<\/div>\n\t\t\t\t\t<\/div>\n\t\t<\/div>\n\t\t\t\t\t<\/div>\n\t\t<\/section>\n\t\t\t\t\t<\/div>\n\t\t<\/div>\n\t\t\t\t\t<\/div>\n\t\t<\/section>\n\t\t\t\t<section class=\"elementor-section elementor-top-section elementor-element elementor-element-4eea679 elementor-section-stretched elementor-section-boxed elementor-section-height-default elementor-section-height-default\" data-id=\"4eea679\" data-element_type=\"section\" data-e-type=\"section\" data-settings=\"{&quot;stretch_section&quot;:&quot;section-stretched&quot;}\">\n\t\t\t\t\t\t<div class=\"elementor-container elementor-column-gap-wider\">\n\t\t\t\t\t<div class=\"elementor-column elementor-col-100 elementor-top-column elementor-element elementor-element-1972342\" data-id=\"1972342\" data-element_type=\"column\" data-e-type=\"column\">\n\t\t\t<div class=\"elementor-widget-wrap elementor-element-populated\">\n\t\t\t\t\t\t<section class=\"elementor-section elementor-inner-section elementor-element elementor-element-b5064fc elementor-section-boxed elementor-section-height-default elementor-section-height-default\" data-id=\"b5064fc\" data-element_type=\"section\" data-e-type=\"section\">\n\t\t\t\t\t\t<div class=\"elementor-container elementor-column-gap-default\">\n\t\t\t\t\t<div class=\"elementor-column elementor-col-100 elementor-inner-column elementor-element elementor-element-da10fc6\" data-id=\"da10fc6\" data-element_type=\"column\" data-e-type=\"column\">\n\t\t\t<div class=\"elementor-widget-wrap elementor-element-populated\">\n\t\t\t\t\t\t<div class=\"elementor-element elementor-element-9847da3 elementor-widget elementor-widget-text-editor\" data-id=\"9847da3\" data-element_type=\"widget\" data-e-type=\"widget\" data-widget_type=\"text-editor.default\">\n\t\t\t\t<div class=\"elementor-widget-container\">\n\t\t\t\t\t\t\t\t\t<h2>Contact\u00a0<\/h2>\t\t\t\t\t\t\t\t<\/div>\n\t\t\t\t<\/div>\n\t\t\t\t\t<\/div>\n\t\t<\/div>\n\t\t\t\t\t<\/div>\n\t\t<\/section>\n\t\t\t\t<div class=\"elementor-element elementor-element-82524b8 elementor-widget elementor-widget-shortcode\" data-id=\"82524b8\" data-element_type=\"widget\" data-e-type=\"widget\" data-widget_type=\"shortcode.default\">\n\t\t\t\t<div class=\"elementor-widget-container\">\n\t\t\t\t\t\t\t<div class=\"elementor-shortcode\">\n<div class=\"wpcf7 no-js\" id=\"wpcf7-f121-o1\" lang=\"en-US\" dir=\"ltr\" data-wpcf7-id=\"121\">\n<div class=\"screen-reader-response\"><p role=\"status\" aria-live=\"polite\" aria-atomic=\"true\"><\/p> <ul><\/ul><\/div>\n<form action=\"\/marcel-naste\/wp-json\/wp\/v2\/pages\/18#wpcf7-f121-o1\" method=\"post\" class=\"wpcf7-form init\" aria-label=\"Contact form\" novalidate=\"novalidate\" data-status=\"init\">\n<fieldset class=\"hidden-fields-container\"><input type=\"hidden\" name=\"_wpcf7\" value=\"121\" \/><input type=\"hidden\" name=\"_wpcf7_version\" value=\"6.1.5\" \/><input type=\"hidden\" name=\"_wpcf7_locale\" value=\"en_US\" \/><input type=\"hidden\" name=\"_wpcf7_unit_tag\" value=\"wpcf7-f121-o1\" \/><input type=\"hidden\" name=\"_wpcf7_container_post\" value=\"0\" \/><input type=\"hidden\" name=\"_wpcf7_posted_data_hash\" value=\"\" \/><input type=\"hidden\" name=\"_wpcf7_recaptcha_response\" value=\"\" \/>\n<\/fieldset>\n<div class=\"column one\">\n\t<p><label><span class=\"wpcf7-form-control-wrap\" data-name=\"your-name\"><input size=\"40\" maxlength=\"400\" class=\"wpcf7-form-control wpcf7-text wpcf7-validates-as-required\" aria-required=\"true\" aria-invalid=\"false\" placeholder=\"Nume\" value=\"\" type=\"text\" name=\"your-name\" \/><\/span> <\/label>\n\t<\/p>\n<\/div>\n<div class=\"column one-second\">\n\t<p><label><span class=\"wpcf7-form-control-wrap\" data-name=\"your-email\"><input size=\"40\" maxlength=\"400\" class=\"wpcf7-form-control wpcf7-email wpcf7-validates-as-required wpcf7-text wpcf7-validates-as-email\" aria-required=\"true\" aria-invalid=\"false\" placeholder=\"Email\" value=\"\" type=\"email\" name=\"your-email\" \/><\/span><\/label>\n\t<\/p>\n<\/div>\n<div class=\"column one-second\">\n\t<p><label><span class=\"wpcf7-form-control-wrap\" data-name=\"telefon\"><input size=\"40\" maxlength=\"400\" class=\"wpcf7-form-control wpcf7-tel wpcf7-validates-as-required wpcf7-text wpcf7-validates-as-tel\" aria-required=\"true\" aria-invalid=\"false\" placeholder=\"Telefon\" value=\"\" type=\"tel\" name=\"telefon\" \/><\/span><\/label>\n\t<\/p>\n<\/div>\n<div class=\"column one\">\n\t<p><label><span class=\"wpcf7-form-control-wrap\" data-name=\"your-subject\"><input size=\"40\" maxlength=\"400\" class=\"wpcf7-form-control wpcf7-text\" aria-invalid=\"false\" placeholder=\"Subiect\" value=\"\" type=\"text\" name=\"your-subject\" \/><\/span><\/label>\n\t<\/p>\n<\/div>\n<div class=\"column one\">\n\t<p><label><span class=\"wpcf7-form-control-wrap\" data-name=\"your-message\"><textarea cols=\"40\" rows=\"10\" maxlength=\"2000\" class=\"wpcf7-form-control wpcf7-textarea\" aria-invalid=\"false\" placeholder=\"Mesajul t\u0103u\" name=\"your-message\"><\/textarea><\/span> <\/label>\n\t<\/p>\n<\/div>\n<span class=\"wpcf7-form-control-wrap recaptcha\" data-name=\"recaptcha\"><span data-sitekey=\"6LcwKP8nAAAAAILImBAOtCAibhrOIEzHbv9F3DRh\" class=\"wpcf7-form-control wpcf7-recaptcha g-recaptcha\"><\/span>\r\n<noscript>\r\n\t<div class=\"grecaptcha-noscript\">\r\n\t\t<iframe src=\"https:\/\/www.google.com\/recaptcha\/api\/fallback?k=6LcwKP8nAAAAAILImBAOtCAibhrOIEzHbv9F3DRh\" frameborder=\"0\" scrolling=\"no\" width=\"310\" height=\"430\">\r\n\t\t<\/iframe>\r\n\t\t<textarea name=\"g-recaptcha-response\" rows=\"3\" cols=\"40\" placeholder=\"reCaptcha Response Here\">\r\n\t\t<\/textarea>\r\n\t<\/div>\r\n<\/noscript>\r\n<\/span>\n<div class=\"column one\">\n\t<p><input class=\"wpcf7-form-control wpcf7-submit has-spinner button_full_width\" type=\"submit\" value=\"Trimite\" \/>\n\t<\/p>\n<\/div><p style=\"display: none !important;\" class=\"akismet-fields-container\" data-prefix=\"_wpcf7_ak_\"><label>&#916;<textarea name=\"_wpcf7_ak_hp_textarea\" cols=\"45\" rows=\"8\" maxlength=\"100\"><\/textarea><\/label><input type=\"hidden\" id=\"ak_js_1\" name=\"_wpcf7_ak_js\" value=\"107\"\/><script type=\"text\/javascript\">\n\/* <![CDATA[ *\/\ndocument.getElementById( \"ak_js_1\" ).setAttribute( \"value\", ( new Date() ).getTime() );\n\/* ]]> *\/\n<\/script>\n<\/p><div class=\"wpcf7-response-output\" aria-hidden=\"true\"><\/div>\n<\/form>\n<\/div>\n<\/div>\n\t\t\t\t\t\t<\/div>\n\t\t\t\t<\/div>\n\t\t\t\t\t<\/div>\n\t\t<\/div>\n\t\t\t\t\t<\/div>\n\t\t<\/section>\n\t\t\t\t<\/div>\n\t\t","protected":false},"excerpt":{"rendered":"<p>Nu ezita s\u0103 m\u0103 contactezi! &#8230; sunt aici pentru tine, tot ce trebuie sa faci, este s\u0103 alegi unul dintre tablourile din galerie \u0219i s\u0103 solici\u021bi<span class=\"excerpt-hellip\"> [\u2026]<\/span><\/p>\n","protected":false},"author":1,"featured_media":0,"parent":0,"menu_order":0,"comment_status":"closed","ping_status":"closed","template":"","meta":{"inline_featured_image":false,"footnotes":""},"class_list":["post-18","page","type-page","status-publish","hentry"],"yoast_head":"<!-- This site is optimized with the Yoast SEO plugin v27.5 - https:\/\/yoast.com\/product\/yoast-seo-wordpress\/ -->\n<title>Contact - Marcel Naste - despre cultur\u0103 \u0219i crea\u021bie<\/title>\n<meta name=\"robots\" content=\"index, follow, max-snippet:-1, max-image-preview:large, max-video-preview:-1\" \/>\n<link rel=\"canonical\" href=\"https:\/\/www.inreghin.ro\/marcel-naste\/contact\/\" \/>\n<meta property=\"og:locale\" content=\"ro_RO\" \/>\n<meta property=\"og:type\" content=\"article\" \/>\n<meta property=\"og:title\" content=\"Contact - Marcel Naste - despre cultur\u0103 \u0219i crea\u021bie\" \/>\n<meta property=\"og:description\" content=\"Nu ezita s\u0103 m\u0103 contactezi! &#8230; sunt aici pentru tine, tot ce trebuie sa faci, este s\u0103 alegi unul dintre tablourile din galerie \u0219i s\u0103 solici\u021bi [\u2026]\" \/>\n<meta property=\"og:url\" content=\"https:\/\/www.inreghin.ro\/marcel-naste\/contact\/\" \/>\n<meta property=\"og:site_name\" content=\"Marcel Naste - despre cultur\u0103 \u0219i crea\u021bie\" \/>\n<meta property=\"article:modified_time\" content=\"2022-09-25T11:46:43+00:00\" \/>\n<meta property=\"og:image\" content=\"https:\/\/www.inreghin.ro\/marcel-naste\/wp-content\/uploads\/sites\/2\/2020\/06\/artist3-contact-icon-3.png\" \/>\n<meta name=\"twitter:card\" content=\"summary_large_image\" \/>\n<meta name=\"twitter:label1\" content=\"Timp estimat pentru citire\" \/>\n\t<meta name=\"twitter:data1\" content=\"1 minut\" \/>\n<script type=\"application\/ld+json\" class=\"yoast-schema-graph\">{\"@context\":\"https:\\\/\\\/schema.org\",\"@graph\":[{\"@type\":\"WebPage\",\"@id\":\"https:\\\/\\\/www.inreghin.ro\\\/marcel-naste\\\/contact\\\/\",\"url\":\"https:\\\/\\\/www.inreghin.ro\\\/marcel-naste\\\/contact\\\/\",\"name\":\"Contact - Marcel Naste - despre cultur\u0103 \u0219i crea\u021bie\",\"isPartOf\":{\"@id\":\"https:\\\/\\\/www.inreghin.ro\\\/marcel-naste\\\/#website\"},\"primaryImageOfPage\":{\"@id\":\"https:\\\/\\\/www.inreghin.ro\\\/marcel-naste\\\/contact\\\/#primaryimage\"},\"image\":{\"@id\":\"https:\\\/\\\/www.inreghin.ro\\\/marcel-naste\\\/contact\\\/#primaryimage\"},\"thumbnailUrl\":\"https:\\\/\\\/www.inreghin.ro\\\/marcel-naste\\\/wp-content\\\/uploads\\\/sites\\\/2\\\/2020\\\/06\\\/artist3-contact-icon-3.png\",\"datePublished\":\"2020-06-11T11:03:46+00:00\",\"dateModified\":\"2022-09-25T11:46:43+00:00\",\"breadcrumb\":{\"@id\":\"https:\\\/\\\/www.inreghin.ro\\\/marcel-naste\\\/contact\\\/#breadcrumb\"},\"inLanguage\":\"ro-RO\",\"potentialAction\":[{\"@type\":\"ReadAction\",\"target\":[\"https:\\\/\\\/www.inreghin.ro\\\/marcel-naste\\\/contact\\\/\"]}]},{\"@type\":\"ImageObject\",\"inLanguage\":\"ro-RO\",\"@id\":\"https:\\\/\\\/www.inreghin.ro\\\/marcel-naste\\\/contact\\\/#primaryimage\",\"url\":\"https:\\\/\\\/www.inreghin.ro\\\/marcel-naste\\\/wp-content\\\/uploads\\\/sites\\\/2\\\/2020\\\/06\\\/artist3-contact-icon-3.png\",\"contentUrl\":\"https:\\\/\\\/www.inreghin.ro\\\/marcel-naste\\\/wp-content\\\/uploads\\\/sites\\\/2\\\/2020\\\/06\\\/artist3-contact-icon-3.png\",\"width\":140,\"height\":139},{\"@type\":\"BreadcrumbList\",\"@id\":\"https:\\\/\\\/www.inreghin.ro\\\/marcel-naste\\\/contact\\\/#breadcrumb\",\"itemListElement\":[{\"@type\":\"ListItem\",\"position\":1,\"name\":\"Home\",\"item\":\"https:\\\/\\\/www.inreghin.ro\\\/marcel-naste\\\/\"},{\"@type\":\"ListItem\",\"position\":2,\"name\":\"Contact\"}]},{\"@type\":\"WebSite\",\"@id\":\"https:\\\/\\\/www.inreghin.ro\\\/marcel-naste\\\/#website\",\"url\":\"https:\\\/\\\/www.inreghin.ro\\\/marcel-naste\\\/\",\"name\":\"Marcel Naste - despre cultur\u0103 \u0219i crea\u021bie\",\"description\":\"\",\"potentialAction\":[{\"@type\":\"SearchAction\",\"target\":{\"@type\":\"EntryPoint\",\"urlTemplate\":\"https:\\\/\\\/www.inreghin.ro\\\/marcel-naste\\\/?s={search_term_string}\"},\"query-input\":{\"@type\":\"PropertyValueSpecification\",\"valueRequired\":true,\"valueName\":\"search_term_string\"}}],\"inLanguage\":\"ro-RO\"}]}<\/script>\n<!-- \/ Yoast SEO plugin. -->","yoast_head_json":{"title":"Contact - Marcel Naste - despre cultur\u0103 \u0219i crea\u021bie","robots":{"index":"index","follow":"follow","max-snippet":"max-snippet:-1","max-image-preview":"max-image-preview:large","max-video-preview":"max-video-preview:-1"},"canonical":"https:\/\/www.inreghin.ro\/marcel-naste\/contact\/","og_locale":"ro_RO","og_type":"article","og_title":"Contact - Marcel Naste - despre cultur\u0103 \u0219i crea\u021bie","og_description":"Nu ezita s\u0103 m\u0103 contactezi! &#8230; sunt aici pentru tine, tot ce trebuie sa faci, este s\u0103 alegi unul dintre tablourile din galerie \u0219i s\u0103 solici\u021bi [\u2026]","og_url":"https:\/\/www.inreghin.ro\/marcel-naste\/contact\/","og_site_name":"Marcel Naste - despre cultur\u0103 \u0219i crea\u021bie","article_modified_time":"2022-09-25T11:46:43+00:00","og_image":[{"url":"https:\/\/www.inreghin.ro\/marcel-naste\/wp-content\/uploads\/sites\/2\/2020\/06\/artist3-contact-icon-3.png","type":"","width":"","height":""}],"twitter_card":"summary_large_image","twitter_misc":{"Timp estimat pentru citire":"1 minut"},"schema":{"@context":"https:\/\/schema.org","@graph":[{"@type":"WebPage","@id":"https:\/\/www.inreghin.ro\/marcel-naste\/contact\/","url":"https:\/\/www.inreghin.ro\/marcel-naste\/contact\/","name":"Contact - Marcel Naste - despre cultur\u0103 \u0219i crea\u021bie","isPartOf":{"@id":"https:\/\/www.inreghin.ro\/marcel-naste\/#website"},"primaryImageOfPage":{"@id":"https:\/\/www.inreghin.ro\/marcel-naste\/contact\/#primaryimage"},"image":{"@id":"https:\/\/www.inreghin.ro\/marcel-naste\/contact\/#primaryimage"},"thumbnailUrl":"https:\/\/www.inreghin.ro\/marcel-naste\/wp-content\/uploads\/sites\/2\/2020\/06\/artist3-contact-icon-3.png","datePublished":"2020-06-11T11:03:46+00:00","dateModified":"2022-09-25T11:46:43+00:00","breadcrumb":{"@id":"https:\/\/www.inreghin.ro\/marcel-naste\/contact\/#breadcrumb"},"inLanguage":"ro-RO","potentialAction":[{"@type":"ReadAction","target":["https:\/\/www.inreghin.ro\/marcel-naste\/contact\/"]}]},{"@type":"ImageObject","inLanguage":"ro-RO","@id":"https:\/\/www.inreghin.ro\/marcel-naste\/contact\/#primaryimage","url":"https:\/\/www.inreghin.ro\/marcel-naste\/wp-content\/uploads\/sites\/2\/2020\/06\/artist3-contact-icon-3.png","contentUrl":"https:\/\/www.inreghin.ro\/marcel-naste\/wp-content\/uploads\/sites\/2\/2020\/06\/artist3-contact-icon-3.png","width":140,"height":139},{"@type":"BreadcrumbList","@id":"https:\/\/www.inreghin.ro\/marcel-naste\/contact\/#breadcrumb","itemListElement":[{"@type":"ListItem","position":1,"name":"Home","item":"https:\/\/www.inreghin.ro\/marcel-naste\/"},{"@type":"ListItem","position":2,"name":"Contact"}]},{"@type":"WebSite","@id":"https:\/\/www.inreghin.ro\/marcel-naste\/#website","url":"https:\/\/www.inreghin.ro\/marcel-naste\/","name":"Marcel Naste - despre cultur\u0103 \u0219i crea\u021bie","description":"","potentialAction":[{"@type":"SearchAction","target":{"@type":"EntryPoint","urlTemplate":"https:\/\/www.inreghin.ro\/marcel-naste\/?s={search_term_string}"},"query-input":{"@type":"PropertyValueSpecification","valueRequired":true,"valueName":"search_term_string"}}],"inLanguage":"ro-RO"}]}},"_links":{"self":[{"href":"https:\/\/www.inreghin.ro\/marcel-naste\/wp-json\/wp\/v2\/pages\/18","targetHints":{"allow":["GET"]}}],"collection":[{"href":"https:\/\/www.inreghin.ro\/marcel-naste\/wp-json\/wp\/v2\/pages"}],"about":[{"href":"https:\/\/www.inreghin.ro\/marcel-naste\/wp-json\/wp\/v2\/types\/page"}],"author":[{"embeddable":true,"href":"https:\/\/www.inreghin.ro\/marcel-naste\/wp-json\/wp\/v2\/users\/1"}],"replies":[{"embeddable":true,"href":"https:\/\/www.inreghin.ro\/marcel-naste\/wp-json\/wp\/v2\/comments?post=18"}],"version-history":[{"count":66,"href":"https:\/\/www.inreghin.ro\/marcel-naste\/wp-json\/wp\/v2\/pages\/18\/revisions"}],"predecessor-version":[{"id":3469,"href":"https:\/\/www.inreghin.ro\/marcel-naste\/wp-json\/wp\/v2\/pages\/18\/revisions\/3469"}],"wp:attachment":[{"href":"https:\/\/www.inreghin.ro\/marcel-naste\/wp-json\/wp\/v2\/media?parent=18"}],"curies":[{"name":"wp","href":"https:\/\/api.w.org\/{rel}","templated":true}]}}