{"id":58,"date":"2020-11-26T12:21:23","date_gmt":"2020-11-26T12:21:23","guid":{"rendered":"https:\/\/themes.muffingroup.com\/be\/kindergarten4_el\/?page_id=58"},"modified":"2021-06-25T12:07:38","modified_gmt":"2021-06-25T12:07:38","slug":"contact","status":"publish","type":"page","link":"https:\/\/www.inreghin.ro\/gradinita-pp2\/contact\/","title":{"rendered":"Contact"},"content":{"rendered":"\t\t<div data-elementor-type=\"wp-page\" data-elementor-id=\"58\" class=\"elementor elementor-58\">\n\t\t\t\t\t\t<section class=\"elementor-section elementor-top-section elementor-element elementor-element-440ed9c elementor-section-stretched elementor-section-boxed elementor-section-height-default elementor-section-height-default\" data-id=\"440ed9c\" data-element_type=\"section\" data-e-type=\"section\" data-settings=\"{&quot;stretch_section&quot;:&quot;section-stretched&quot;}\">\n\t\t\t\t\t\t<div class=\"elementor-container elementor-column-gap-wider\">\n\t\t\t\t\t<div class=\"elementor-column elementor-col-100 elementor-top-column elementor-element elementor-element-5ef5fcf\" data-id=\"5ef5fcf\" data-element_type=\"column\" data-e-type=\"column\">\n\t\t\t<div class=\"elementor-widget-wrap elementor-element-populated\">\n\t\t\t\t\t\t<section class=\"elementor-section elementor-inner-section elementor-element elementor-element-fc67cdb elementor-section-boxed elementor-section-height-default elementor-section-height-default\" data-id=\"fc67cdb\" data-element_type=\"section\" data-e-type=\"section\">\n\t\t\t\t\t\t<div class=\"elementor-container elementor-column-gap-default\">\n\t\t\t\t\t<div class=\"elementor-column elementor-col-100 elementor-inner-column elementor-element elementor-element-1a9f1e7\" data-id=\"1a9f1e7\" data-element_type=\"column\" data-e-type=\"column\">\n\t\t\t<div class=\"elementor-widget-wrap elementor-element-populated\">\n\t\t\t\t\t\t<div class=\"elementor-element elementor-element-9aa5987 elementor-widget elementor-widget-text-editor\" data-id=\"9aa5987\" data-element_type=\"widget\" data-e-type=\"widget\" data-widget_type=\"text-editor.default\">\n\t\t\t\t<div class=\"elementor-widget-container\">\n\t\t\t\t\t\t\t\t\t<section class=\"elementor-section elementor-top-section elementor-element elementor-element-440ed9c elementor-section-stretched elementor-section-boxed elementor-section-height-default elementor-section-height-default\" data-id=\"440ed9c\" data-element_type=\"section\" data-settings=\"{&quot;stretch_section&quot;:&quot;section-stretched&quot;}\"><div class=\"elementor-container elementor-column-gap-wider\"><div class=\"elementor-column elementor-col-100 elementor-top-column elementor-element elementor-element-5ef5fcf\" data-id=\"5ef5fcf\" data-element_type=\"column\"><div class=\"elementor-widget-wrap elementor-element-populated\"><section class=\"elementor-section elementor-inner-section elementor-element elementor-element-fc67cdb elementor-section-boxed elementor-section-height-default elementor-section-height-default\" data-id=\"fc67cdb\" data-element_type=\"section\"><div class=\"elementor-container elementor-column-gap-default\"><div class=\"elementor-column elementor-col-100 elementor-inner-column elementor-element elementor-element-1a9f1e7\" data-id=\"1a9f1e7\" data-element_type=\"column\"><div class=\"elementor-widget-wrap elementor-element-populated\"><div class=\"elementor-element elementor-element-9aa5987 elementor-widget elementor-widget-text-editor\" data-id=\"9aa5987\" data-element_type=\"widget\" data-widget_type=\"text-editor.default\"><div class=\"elementor-widget-container\"><h2>Vre\u021bi s\u0103 \u00eencepe\u021bi o aventur\u0103<br \/>\u00een gr\u0103dini\u021ba noastr\u0103? Scrie\u021bi-ne sau suna\u021bi-ne<\/h2><\/div><\/div><\/div><\/div><\/div><\/section><\/div><\/div><\/div><\/section><section class=\"elementor-section elementor-top-section elementor-element elementor-element-1a9d52b elementor-section-full_width elementor-section-stretched elementor-section-height-default elementor-section-height-default\" data-id=\"1a9d52b\" data-element_type=\"section\" data-settings=\"{&quot;stretch_section&quot;:&quot;section-stretched&quot;}\"><div class=\"elementor-container elementor-column-gap-no\"><div class=\"elementor-column elementor-col-100 elementor-top-column elementor-element elementor-element-643c107\" data-id=\"643c107\" data-element_type=\"column\"><div class=\"elementor-widget-wrap elementor-element-populated\"><div class=\"elementor-element elementor-element-a7dc8d6 elementor-widget elementor-widget-image\" data-id=\"a7dc8d6\" data-element_type=\"widget\" data-widget_type=\"image.default\">\u00a0<\/div><\/div><\/div><\/div><\/section>\t\t\t\t\t\t\t\t<\/div>\n\t\t\t\t<\/div>\n\t\t\t\t\t<\/div>\n\t\t<\/div>\n\t\t\t\t\t<\/div>\n\t\t<\/section>\n\t\t\t\t\t<\/div>\n\t\t<\/div>\n\t\t\t\t\t<\/div>\n\t\t<\/section>\n\t\t\t\t<section class=\"elementor-section elementor-top-section elementor-element elementor-element-1a9d52b elementor-section-full_width elementor-section-stretched elementor-section-height-default elementor-section-height-default\" data-id=\"1a9d52b\" data-element_type=\"section\" data-e-type=\"section\" data-settings=\"{&quot;stretch_section&quot;:&quot;section-stretched&quot;}\">\n\t\t\t\t\t\t<div class=\"elementor-container elementor-column-gap-no\">\n\t\t\t\t\t<div class=\"elementor-column elementor-col-100 elementor-top-column elementor-element elementor-element-643c107\" data-id=\"643c107\" data-element_type=\"column\" data-e-type=\"column\">\n\t\t\t<div class=\"elementor-widget-wrap elementor-element-populated\">\n\t\t\t\t\t\t<div class=\"elementor-element elementor-element-a7dc8d6 elementor-widget elementor-widget-image\" data-id=\"a7dc8d6\" data-element_type=\"widget\" data-e-type=\"widget\" data-widget_type=\"image.default\">\n\t\t\t\t<div class=\"elementor-widget-container\">\n\t\t\t\t\t\t\t\t\t\t\t\t\t\t\t<img fetchpriority=\"high\" decoding=\"async\" width=\"1920\" height=\"825\" src=\"https:\/\/www.inreghin.ro\/gradinita-pp2\/wp-content\/uploads\/sites\/4\/2020\/11\/kindergarten4-contact-pic1-1.png\" class=\"attachment-full size-full wp-image-71\" alt=\"\" srcset=\"https:\/\/www.inreghin.ro\/gradinita-pp2\/wp-content\/uploads\/sites\/4\/2020\/11\/kindergarten4-contact-pic1-1.png 1920w, https:\/\/www.inreghin.ro\/gradinita-pp2\/wp-content\/uploads\/sites\/4\/2020\/11\/kindergarten4-contact-pic1-1-300x129.png 300w, https:\/\/www.inreghin.ro\/gradinita-pp2\/wp-content\/uploads\/sites\/4\/2020\/11\/kindergarten4-contact-pic1-1-1024x440.png 1024w, https:\/\/www.inreghin.ro\/gradinita-pp2\/wp-content\/uploads\/sites\/4\/2020\/11\/kindergarten4-contact-pic1-1-768x330.png 768w, https:\/\/www.inreghin.ro\/gradinita-pp2\/wp-content\/uploads\/sites\/4\/2020\/11\/kindergarten4-contact-pic1-1-1536x660.png 1536w, https:\/\/www.inreghin.ro\/gradinita-pp2\/wp-content\/uploads\/sites\/4\/2020\/11\/kindergarten4-contact-pic1-1-260x112.png 260w, https:\/\/www.inreghin.ro\/gradinita-pp2\/wp-content\/uploads\/sites\/4\/2020\/11\/kindergarten4-contact-pic1-1-50x21.png 50w, https:\/\/www.inreghin.ro\/gradinita-pp2\/wp-content\/uploads\/sites\/4\/2020\/11\/kindergarten4-contact-pic1-1-150x64.png 150w\" sizes=\"(max-width:767px) 480px, (max-width:1920px) 100vw, 1920px\" \/>\t\t\t\t\t\t\t\t\t\t\t\t\t\t\t<\/div>\n\t\t\t\t<\/div>\n\t\t\t\t<div class=\"elementor-element elementor-element-9ad8562 elementor-widget elementor-widget-spacer\" data-id=\"9ad8562\" data-element_type=\"widget\" data-e-type=\"widget\" data-widget_type=\"spacer.default\">\n\t\t\t\t<div class=\"elementor-widget-container\">\n\t\t\t\t\t\t\t<div class=\"elementor-spacer\">\n\t\t\t<div class=\"elementor-spacer-inner\"><\/div>\n\t\t<\/div>\n\t\t\t\t\t\t<\/div>\n\t\t\t\t<\/div>\n\t\t\t\t\t<\/div>\n\t\t<\/div>\n\t\t\t\t\t<\/div>\n\t\t<\/section>\n\t\t\t\t<section class=\"elementor-section elementor-top-section elementor-element elementor-element-d3e8a23 elementor-section-stretched elementor-section-boxed elementor-section-height-default elementor-section-height-default\" data-id=\"d3e8a23\" data-element_type=\"section\" data-e-type=\"section\" data-settings=\"{&quot;stretch_section&quot;:&quot;section-stretched&quot;}\">\n\t\t\t\t\t\t<div class=\"elementor-container elementor-column-gap-wider\">\n\t\t\t\t\t<div class=\"elementor-column elementor-col-100 elementor-top-column elementor-element elementor-element-9024684\" data-id=\"9024684\" data-element_type=\"column\" data-e-type=\"column\">\n\t\t\t<div class=\"elementor-widget-wrap elementor-element-populated\">\n\t\t\t\t\t\t<div class=\"elementor-element elementor-element-d73039f elementor-widget elementor-widget-google_maps\" data-id=\"d73039f\" data-element_type=\"widget\" data-e-type=\"widget\" data-widget_type=\"google_maps.default\">\n\t\t\t\t<div class=\"elementor-widget-container\">\n\t\t\t\t\t\t\t<div class=\"elementor-custom-embed\">\n\t\t\t<iframe loading=\"lazy\"\n\t\t\t\t\tsrc=\"https:\/\/maps.google.com\/maps?q=gradinita%20program%20prelungit%20nr.%202%20reghin&#038;t=m&#038;z=15&#038;output=embed&#038;iwloc=near\"\n\t\t\t\t\ttitle=\"gradinita program prelungit nr. 2 reghin\"\n\t\t\t\t\taria-label=\"gradinita program prelungit nr. 2 reghin\"\n\t\t\t><\/iframe>\n\t\t<\/div>\n\t\t\t\t\t\t<\/div>\n\t\t\t\t<\/div>\n\t\t\t\t\t<\/div>\n\t\t<\/div>\n\t\t\t\t\t<\/div>\n\t\t<\/section>\n\t\t\t\t<section class=\"elementor-section elementor-top-section elementor-element elementor-element-3ac4dce elementor-section-stretched elementor-section-boxed elementor-section-height-default elementor-section-height-default\" data-id=\"3ac4dce\" data-element_type=\"section\" data-e-type=\"section\" data-settings=\"{&quot;stretch_section&quot;:&quot;section-stretched&quot;,&quot;background_background&quot;:&quot;classic&quot;}\">\n\t\t\t\t\t\t<div class=\"elementor-container elementor-column-gap-wider\">\n\t\t\t\t\t<div class=\"elementor-column elementor-col-100 elementor-top-column elementor-element elementor-element-b8e75df\" data-id=\"b8e75df\" data-element_type=\"column\" data-e-type=\"column\">\n\t\t\t<div class=\"elementor-widget-wrap elementor-element-populated\">\n\t\t\t\t\t\t<section class=\"elementor-section elementor-inner-section elementor-element elementor-element-1dee9c3 elementor-section-boxed elementor-section-height-default elementor-section-height-default\" data-id=\"1dee9c3\" data-element_type=\"section\" data-e-type=\"section\">\n\t\t\t\t\t\t<div class=\"elementor-container elementor-column-gap-default\">\n\t\t\t\t\t<div class=\"elementor-column elementor-col-50 elementor-inner-column elementor-element elementor-element-6c6f1fd\" data-id=\"6c6f1fd\" data-element_type=\"column\" data-e-type=\"column\">\n\t\t\t<div class=\"elementor-widget-wrap elementor-element-populated\">\n\t\t\t\t\t\t<div class=\"elementor-element elementor-element-e976e0f elementor-widget__width-auto elementor-widget elementor-widget-mfn_opening_hours\" data-id=\"e976e0f\" data-element_type=\"widget\" data-e-type=\"widget\" data-widget_type=\"mfn_opening_hours.default\">\n\t\t\t\t<div class=\"elementor-widget-container\">\n\t\t\t\t\t<div class=\"opening_hours\" ><div class=\"opening_hours_wrapper\"><span class=\"ohw-desc\"><\/span><ul><li><label><h6>Luni - Vineri<\/h6><\/label><span><h3>7<sup>30<\/sup> - 17<sup>30<\/sup><\/h3><\/span><\/li><\/ul><\/div><\/div>\n\t\t\t\t<\/div>\n\t\t\t\t<\/div>\n\t\t\t\t\t<\/div>\n\t\t<\/div>\n\t\t\t\t<div class=\"elementor-column elementor-col-50 elementor-inner-column elementor-element elementor-element-2c3d729\" data-id=\"2c3d729\" data-element_type=\"column\" data-e-type=\"column\">\n\t\t\t<div class=\"elementor-widget-wrap elementor-element-populated\">\n\t\t\t\t\t\t<div class=\"elementor-element elementor-element-c647b65 elementor-widget elementor-widget-text-editor\" data-id=\"c647b65\" data-element_type=\"widget\" data-e-type=\"widget\" data-widget_type=\"text-editor.default\">\n\t\t\t\t<div class=\"elementor-widget-container\">\n\t\t\t\t\t\t\t\t\t<div class=\"elementor-element elementor-element-c647b65 elementor-widget elementor-widget-text-editor\" data-id=\"c647b65\" data-element_type=\"widget\" data-widget_type=\"text-editor.default\"><div class=\"elementor-widget-container\"><h3>Trimite-ne un mesaj<\/h3><\/div><\/div>\t\t\t\t\t\t\t\t<\/div>\n\t\t\t\t<\/div>\n\t\t\t\t<div class=\"elementor-element elementor-element-deeb6b6 elementor-widget elementor-widget-spacer\" data-id=\"deeb6b6\" data-element_type=\"widget\" data-e-type=\"widget\" data-widget_type=\"spacer.default\">\n\t\t\t\t<div class=\"elementor-widget-container\">\n\t\t\t\t\t\t\t<div class=\"elementor-spacer\">\n\t\t\t<div class=\"elementor-spacer-inner\"><\/div>\n\t\t<\/div>\n\t\t\t\t\t\t<\/div>\n\t\t\t\t<\/div>\n\t\t\t\t<div class=\"elementor-element elementor-element-a849f71 elementor-widget elementor-widget-text-editor\" data-id=\"a849f71\" data-element_type=\"widget\" data-e-type=\"widget\" data-widget_type=\"text-editor.default\">\n\t\t\t\t<div class=\"elementor-widget-container\">\n\t\t\t\t\t\t\t\t\t<div class=\"wpcf7 no-js\" id=\"wpcf7-f656-o1\" lang=\"en-US\" dir=\"ltr\" data-wpcf7-id=\"656\">\n<div class=\"screen-reader-response\"><p role=\"status\" aria-live=\"polite\" aria-atomic=\"true\"><\/p> <ul><\/ul><\/div>\n<form action=\"\/gradinita-pp2\/wp-json\/wp\/v2\/pages\/58#wpcf7-f656-o1\" method=\"post\" class=\"wpcf7-form init\" aria-label=\"Contact form\" novalidate=\"novalidate\" data-status=\"init\">\n<fieldset class=\"hidden-fields-container\"><input type=\"hidden\" name=\"_wpcf7\" value=\"656\" \/><input type=\"hidden\" name=\"_wpcf7_version\" value=\"6.1.5\" \/><input type=\"hidden\" name=\"_wpcf7_locale\" value=\"en_US\" \/><input type=\"hidden\" name=\"_wpcf7_unit_tag\" value=\"wpcf7-f656-o1\" \/><input type=\"hidden\" name=\"_wpcf7_container_post\" value=\"0\" \/><input type=\"hidden\" name=\"_wpcf7_posted_data_hash\" value=\"\" \/><input type=\"hidden\" name=\"_wpcf7_recaptcha_response\" value=\"\" \/>\n<\/fieldset>\n<div class=\"column one-second\">\n\t<p><span class=\"wpcf7-form-control-wrap\" data-name=\"your-name\"><input size=\"40\" maxlength=\"400\" class=\"wpcf7-form-control wpcf7-text wpcf7-validates-as-required\" aria-required=\"true\" aria-invalid=\"false\" placeholder=\"Your name\" value=\"\" type=\"text\" name=\"your-name\" \/><\/span>\n\t<\/p>\n<\/div>\n<div class=\"column one-second\">\n\t<p><span class=\"wpcf7-form-control-wrap\" data-name=\"your-email\"><input size=\"40\" maxlength=\"400\" class=\"wpcf7-form-control wpcf7-email wpcf7-validates-as-required wpcf7-text wpcf7-validates-as-email\" aria-required=\"true\" aria-invalid=\"false\" placeholder=\"Your e-mail\" value=\"\" type=\"email\" name=\"your-email\" \/><\/span>\n\t<\/p>\n<\/div>\n<div class=\"column one\">\n\t<p><span class=\"wpcf7-form-control-wrap\" data-name=\"your-subject\"><input size=\"40\" maxlength=\"400\" class=\"wpcf7-form-control wpcf7-text\" aria-invalid=\"false\" placeholder=\"Subject\" value=\"\" type=\"text\" name=\"your-subject\" \/><\/span>\n\t<\/p>\n<\/div>\n<div class=\"column one\">\n\t<p><span class=\"wpcf7-form-control-wrap\" data-name=\"your-message\"><textarea cols=\"40\" rows=\"6\" maxlength=\"2000\" class=\"wpcf7-form-control wpcf7-textarea\" aria-invalid=\"false\" placeholder=\"Message\" name=\"your-message\"><\/textarea><\/span>\n\t<\/p>\n<\/div>\n<span class=\"wpcf7-form-control-wrap recaptcha\" data-name=\"recaptcha\"><span data-sitekey=\"6LcwKP8nAAAAAILImBAOtCAibhrOIEzHbv9F3DRh\" class=\"wpcf7-form-control wpcf7-recaptcha g-recaptcha\"><\/span>\r\n<noscript>\r\n\t<div class=\"grecaptcha-noscript\">\r\n\t\t<iframe src=\"https:\/\/www.google.com\/recaptcha\/api\/fallback?k=6LcwKP8nAAAAAILImBAOtCAibhrOIEzHbv9F3DRh\" frameborder=\"0\" scrolling=\"no\" width=\"310\" height=\"430\">\r\n\t\t<\/iframe>\r\n\t\t<textarea name=\"g-recaptcha-response\" rows=\"3\" cols=\"40\" placeholder=\"reCaptcha Response Here\">\r\n\t\t<\/textarea>\r\n\t<\/div>\r\n<\/noscript>\r\n<\/span>\n<div class=\"column one\">\n\t<p><input class=\"wpcf7-form-control wpcf7-submit has-spinner button_full_width\" type=\"submit\" value=\"Send a message\" \/>\n\t<\/p>\n<\/div><p style=\"display: none !important;\" class=\"akismet-fields-container\" data-prefix=\"_wpcf7_ak_\"><label>&#916;<textarea name=\"_wpcf7_ak_hp_textarea\" cols=\"45\" rows=\"8\" maxlength=\"100\"><\/textarea><\/label><input type=\"hidden\" id=\"ak_js_1\" name=\"_wpcf7_ak_js\" value=\"172\"\/><script type=\"text\/javascript\">\n\/* <![CDATA[ *\/\ndocument.getElementById( \"ak_js_1\" ).setAttribute( \"value\", ( new Date() ).getTime() );\n\/* ]]> *\/\n<\/script>\n<\/p><div class=\"wpcf7-response-output\" aria-hidden=\"true\"><\/div>\n<\/form>\n<\/div>\t\t\t\t\t\t\t\t<\/div>\n\t\t\t\t<\/div>\n\t\t\t\t\t<\/div>\n\t\t<\/div>\n\t\t\t\t\t<\/div>\n\t\t<\/section>\n\t\t\t\t<div class=\"elementor-element elementor-element-127e610 elementor-widget elementor-widget-spacer\" data-id=\"127e610\" data-element_type=\"widget\" data-e-type=\"widget\" data-widget_type=\"spacer.default\">\n\t\t\t\t<div class=\"elementor-widget-container\">\n\t\t\t\t\t\t\t<div class=\"elementor-spacer\">\n\t\t\t<div class=\"elementor-spacer-inner\"><\/div>\n\t\t<\/div>\n\t\t\t\t\t\t<\/div>\n\t\t\t\t<\/div>\n\t\t\t\t\t<\/div>\n\t\t<\/div>\n\t\t\t\t\t<\/div>\n\t\t<\/section>\n\t\t\t\t<\/div>\n\t\t","protected":false},"excerpt":{"rendered":"<p>Vre\u021bi s\u0103 \u00eencepe\u021bi o aventur\u0103\u00een gr\u0103dini\u021ba noastr\u0103? Scrie\u021bi-ne sau suna\u021bi-ne \u00a0 Luni &#8211; Vineri 730 &#8211; 1730 Trimite-ne un mesaj<\/p>\n","protected":false},"author":1,"featured_media":0,"parent":0,"menu_order":0,"comment_status":"closed","ping_status":"closed","template":"","meta":{"inline_featured_image":false,"footnotes":""},"class_list":["post-58","page","type-page","status-publish","hentry"],"yoast_head":"<!-- This site is optimized with the Yoast SEO plugin v27.5 - https:\/\/yoast.com\/product\/yoast-seo-wordpress\/ -->\n<title>Contact - Gr\u0103dini\u021ba cu program prelungit nr. 2 - Reghin<\/title>\n<meta name=\"robots\" content=\"index, follow, max-snippet:-1, max-image-preview:large, max-video-preview:-1\" \/>\n<link rel=\"canonical\" href=\"https:\/\/www.inreghin.ro\/gradinita-pp2\/contact\/\" \/>\n<meta property=\"og:locale\" content=\"ro_RO\" \/>\n<meta property=\"og:type\" content=\"article\" \/>\n<meta property=\"og:title\" content=\"Contact - Gr\u0103dini\u021ba cu program prelungit nr. 2 - Reghin\" \/>\n<meta property=\"og:description\" content=\"Vre\u021bi s\u0103 \u00eencepe\u021bi o aventur\u0103\u00een gr\u0103dini\u021ba noastr\u0103? Scrie\u021bi-ne sau suna\u021bi-ne \u00a0 Luni &#8211; Vineri 730 &#8211; 1730 Trimite-ne un mesaj\" \/>\n<meta property=\"og:url\" content=\"https:\/\/www.inreghin.ro\/gradinita-pp2\/contact\/\" \/>\n<meta property=\"og:site_name\" content=\"Gr\u0103dini\u021ba cu program prelungit nr. 2 - Reghin\" \/>\n<meta property=\"article:modified_time\" content=\"2021-06-25T12:07:38+00:00\" \/>\n<meta property=\"og:image\" content=\"https:\/\/www.inreghin.ro\/gradinita-pp2\/wp-content\/uploads\/sites\/4\/2020\/11\/kindergarten4-contact-pic1-1.png\" \/>\n<meta name=\"twitter:card\" content=\"summary_large_image\" \/>\n<meta name=\"twitter:label1\" content=\"Timp estimat pentru citire\" \/>\n\t<meta name=\"twitter:data1\" content=\"1 minut\" \/>\n<script type=\"application\/ld+json\" class=\"yoast-schema-graph\">{\"@context\":\"https:\\\/\\\/schema.org\",\"@graph\":[{\"@type\":\"WebPage\",\"@id\":\"https:\\\/\\\/www.inreghin.ro\\\/gradinita-pp2\\\/contact\\\/\",\"url\":\"https:\\\/\\\/www.inreghin.ro\\\/gradinita-pp2\\\/contact\\\/\",\"name\":\"Contact - Gr\u0103dini\u021ba cu program prelungit nr. 2 - Reghin\",\"isPartOf\":{\"@id\":\"https:\\\/\\\/www.inreghin.ro\\\/gradinita-pp2\\\/#website\"},\"primaryImageOfPage\":{\"@id\":\"https:\\\/\\\/www.inreghin.ro\\\/gradinita-pp2\\\/contact\\\/#primaryimage\"},\"image\":{\"@id\":\"https:\\\/\\\/www.inreghin.ro\\\/gradinita-pp2\\\/contact\\\/#primaryimage\"},\"thumbnailUrl\":\"https:\\\/\\\/www.inreghin.ro\\\/gradinita-pp2\\\/wp-content\\\/uploads\\\/sites\\\/4\\\/2020\\\/11\\\/kindergarten4-contact-pic1-1.png\",\"datePublished\":\"2020-11-26T12:21:23+00:00\",\"dateModified\":\"2021-06-25T12:07:38+00:00\",\"breadcrumb\":{\"@id\":\"https:\\\/\\\/www.inreghin.ro\\\/gradinita-pp2\\\/contact\\\/#breadcrumb\"},\"inLanguage\":\"ro-RO\",\"potentialAction\":[{\"@type\":\"ReadAction\",\"target\":[\"https:\\\/\\\/www.inreghin.ro\\\/gradinita-pp2\\\/contact\\\/\"]}]},{\"@type\":\"ImageObject\",\"inLanguage\":\"ro-RO\",\"@id\":\"https:\\\/\\\/www.inreghin.ro\\\/gradinita-pp2\\\/contact\\\/#primaryimage\",\"url\":\"https:\\\/\\\/www.inreghin.ro\\\/gradinita-pp2\\\/wp-content\\\/uploads\\\/sites\\\/4\\\/2020\\\/11\\\/kindergarten4-contact-pic1-1.png\",\"contentUrl\":\"https:\\\/\\\/www.inreghin.ro\\\/gradinita-pp2\\\/wp-content\\\/uploads\\\/sites\\\/4\\\/2020\\\/11\\\/kindergarten4-contact-pic1-1.png\",\"width\":1920,\"height\":825},{\"@type\":\"BreadcrumbList\",\"@id\":\"https:\\\/\\\/www.inreghin.ro\\\/gradinita-pp2\\\/contact\\\/#breadcrumb\",\"itemListElement\":[{\"@type\":\"ListItem\",\"position\":1,\"name\":\"Home\",\"item\":\"https:\\\/\\\/www.inreghin.ro\\\/gradinita-pp2\\\/\"},{\"@type\":\"ListItem\",\"position\":2,\"name\":\"Contact\"}]},{\"@type\":\"WebSite\",\"@id\":\"https:\\\/\\\/www.inreghin.ro\\\/gradinita-pp2\\\/#website\",\"url\":\"https:\\\/\\\/www.inreghin.ro\\\/gradinita-pp2\\\/\",\"name\":\"Gr\u0103dini\u021ba cu program prelungit nr. 2 - Reghin\",\"description\":\"\",\"potentialAction\":[{\"@type\":\"SearchAction\",\"target\":{\"@type\":\"EntryPoint\",\"urlTemplate\":\"https:\\\/\\\/www.inreghin.ro\\\/gradinita-pp2\\\/?s={search_term_string}\"},\"query-input\":{\"@type\":\"PropertyValueSpecification\",\"valueRequired\":true,\"valueName\":\"search_term_string\"}}],\"inLanguage\":\"ro-RO\"}]}<\/script>\n<!-- \/ Yoast SEO plugin. -->","yoast_head_json":{"title":"Contact - Gr\u0103dini\u021ba cu program prelungit nr. 2 - Reghin","robots":{"index":"index","follow":"follow","max-snippet":"max-snippet:-1","max-image-preview":"max-image-preview:large","max-video-preview":"max-video-preview:-1"},"canonical":"https:\/\/www.inreghin.ro\/gradinita-pp2\/contact\/","og_locale":"ro_RO","og_type":"article","og_title":"Contact - Gr\u0103dini\u021ba cu program prelungit nr. 2 - Reghin","og_description":"Vre\u021bi s\u0103 \u00eencepe\u021bi o aventur\u0103\u00een gr\u0103dini\u021ba noastr\u0103? Scrie\u021bi-ne sau suna\u021bi-ne \u00a0 Luni &#8211; Vineri 730 &#8211; 1730 Trimite-ne un mesaj","og_url":"https:\/\/www.inreghin.ro\/gradinita-pp2\/contact\/","og_site_name":"Gr\u0103dini\u021ba cu program prelungit nr. 2 - Reghin","article_modified_time":"2021-06-25T12:07:38+00:00","og_image":[{"url":"https:\/\/www.inreghin.ro\/gradinita-pp2\/wp-content\/uploads\/sites\/4\/2020\/11\/kindergarten4-contact-pic1-1.png","type":"","width":"","height":""}],"twitter_card":"summary_large_image","twitter_misc":{"Timp estimat pentru citire":"1 minut"},"schema":{"@context":"https:\/\/schema.org","@graph":[{"@type":"WebPage","@id":"https:\/\/www.inreghin.ro\/gradinita-pp2\/contact\/","url":"https:\/\/www.inreghin.ro\/gradinita-pp2\/contact\/","name":"Contact - Gr\u0103dini\u021ba cu program prelungit nr. 2 - Reghin","isPartOf":{"@id":"https:\/\/www.inreghin.ro\/gradinita-pp2\/#website"},"primaryImageOfPage":{"@id":"https:\/\/www.inreghin.ro\/gradinita-pp2\/contact\/#primaryimage"},"image":{"@id":"https:\/\/www.inreghin.ro\/gradinita-pp2\/contact\/#primaryimage"},"thumbnailUrl":"https:\/\/www.inreghin.ro\/gradinita-pp2\/wp-content\/uploads\/sites\/4\/2020\/11\/kindergarten4-contact-pic1-1.png","datePublished":"2020-11-26T12:21:23+00:00","dateModified":"2021-06-25T12:07:38+00:00","breadcrumb":{"@id":"https:\/\/www.inreghin.ro\/gradinita-pp2\/contact\/#breadcrumb"},"inLanguage":"ro-RO","potentialAction":[{"@type":"ReadAction","target":["https:\/\/www.inreghin.ro\/gradinita-pp2\/contact\/"]}]},{"@type":"ImageObject","inLanguage":"ro-RO","@id":"https:\/\/www.inreghin.ro\/gradinita-pp2\/contact\/#primaryimage","url":"https:\/\/www.inreghin.ro\/gradinita-pp2\/wp-content\/uploads\/sites\/4\/2020\/11\/kindergarten4-contact-pic1-1.png","contentUrl":"https:\/\/www.inreghin.ro\/gradinita-pp2\/wp-content\/uploads\/sites\/4\/2020\/11\/kindergarten4-contact-pic1-1.png","width":1920,"height":825},{"@type":"BreadcrumbList","@id":"https:\/\/www.inreghin.ro\/gradinita-pp2\/contact\/#breadcrumb","itemListElement":[{"@type":"ListItem","position":1,"name":"Home","item":"https:\/\/www.inreghin.ro\/gradinita-pp2\/"},{"@type":"ListItem","position":2,"name":"Contact"}]},{"@type":"WebSite","@id":"https:\/\/www.inreghin.ro\/gradinita-pp2\/#website","url":"https:\/\/www.inreghin.ro\/gradinita-pp2\/","name":"Gr\u0103dini\u021ba cu program prelungit nr. 2 - Reghin","description":"","potentialAction":[{"@type":"SearchAction","target":{"@type":"EntryPoint","urlTemplate":"https:\/\/www.inreghin.ro\/gradinita-pp2\/?s={search_term_string}"},"query-input":{"@type":"PropertyValueSpecification","valueRequired":true,"valueName":"search_term_string"}}],"inLanguage":"ro-RO"}]}},"_links":{"self":[{"href":"https:\/\/www.inreghin.ro\/gradinita-pp2\/wp-json\/wp\/v2\/pages\/58","targetHints":{"allow":["GET"]}}],"collection":[{"href":"https:\/\/www.inreghin.ro\/gradinita-pp2\/wp-json\/wp\/v2\/pages"}],"about":[{"href":"https:\/\/www.inreghin.ro\/gradinita-pp2\/wp-json\/wp\/v2\/types\/page"}],"author":[{"embeddable":true,"href":"https:\/\/www.inreghin.ro\/gradinita-pp2\/wp-json\/wp\/v2\/users\/1"}],"replies":[{"embeddable":true,"href":"https:\/\/www.inreghin.ro\/gradinita-pp2\/wp-json\/wp\/v2\/comments?post=58"}],"version-history":[{"count":12,"href":"https:\/\/www.inreghin.ro\/gradinita-pp2\/wp-json\/wp\/v2\/pages\/58\/revisions"}],"predecessor-version":[{"id":819,"href":"https:\/\/www.inreghin.ro\/gradinita-pp2\/wp-json\/wp\/v2\/pages\/58\/revisions\/819"}],"wp:attachment":[{"href":"https:\/\/www.inreghin.ro\/gradinita-pp2\/wp-json\/wp\/v2\/media?parent=58"}],"curies":[{"name":"wp","href":"https:\/\/api.w.org\/{rel}","templated":true}]}}