{"id":163,"date":"2023-01-12T06:21:40","date_gmt":"2023-01-12T06:21:40","guid":{"rendered":"https:\/\/www.inreghin.ro\/cabinetstomatologictorokgidro\/?page_id=163"},"modified":"2023-01-12T06:29:22","modified_gmt":"2023-01-12T06:29:22","slug":"galerie-imagini","status":"publish","type":"page","link":"https:\/\/www.inreghin.ro\/cabinetstomatologictorokgidro\/hu\/galerie-imagini\/","title":{"rendered":"GAL\u00c9RIA"},"content":{"rendered":"","protected":false},"excerpt":{"rendered":"","protected":false},"author":1,"featured_media":0,"parent":0,"menu_order":0,"comment_status":"open","ping_status":"closed","template":"","meta":{"inline_featured_image":false,"footnotes":""},"class_list":["post-163","page","type-page","status-publish","hentry"],"yoast_head":"<!-- This site is optimized with the Yoast SEO plugin v27.5 - https:\/\/yoast.com\/product\/yoast-seo-wordpress\/ -->\n<title>GALERIE IMAGINI - Cabinet Stomatologic Dr. T\u00f6r\u00f6k-Gidr\u00f3 Orsolya<\/title>\n<meta name=\"robots\" content=\"index, follow, max-snippet:-1, max-image-preview:large, max-video-preview:-1\" \/>\n<link rel=\"canonical\" href=\"https:\/\/www.inreghin.ro\/cabinetstomatologictorokgidro\/hu\/galerie-imagini\/\" \/>\n<meta property=\"og:locale\" content=\"hu_HU\" \/>\n<meta property=\"og:type\" content=\"article\" \/>\n<meta property=\"og:title\" content=\"GALERIE IMAGINI - Cabinet Stomatologic Dr. T\u00f6r\u00f6k-Gidr\u00f3 Orsolya\" \/>\n<meta property=\"og:url\" content=\"https:\/\/www.inreghin.ro\/cabinetstomatologictorokgidro\/hu\/galerie-imagini\/\" \/>\n<meta property=\"og:site_name\" content=\"Cabinet Stomatologic Dr. T\u00f6r\u00f6k-Gidr\u00f3 Orsolya\" \/>\n<meta property=\"article:modified_time\" content=\"2023-01-12T06:29:22+00:00\" \/>\n<meta name=\"twitter:card\" content=\"summary_large_image\" \/>\n<script type=\"application\/ld+json\" class=\"yoast-schema-graph\">{\"@context\":\"https:\\\/\\\/schema.org\",\"@graph\":[{\"@type\":\"WebPage\",\"@id\":\"https:\\\/\\\/www.inreghin.ro\\\/cabinetstomatologictorokgidro\\\/galerie-imagini\\\/\",\"url\":\"https:\\\/\\\/www.inreghin.ro\\\/cabinetstomatologictorokgidro\\\/galerie-imagini\\\/\",\"name\":\"GALERIE IMAGINI - Cabinet Stomatologic Dr. T\u00f6r\u00f6k-Gidr\u00f3 Orsolya\",\"isPartOf\":{\"@id\":\"https:\\\/\\\/www.inreghin.ro\\\/cabinetstomatologictorokgidro\\\/#website\"},\"datePublished\":\"2023-01-12T06:21:40+00:00\",\"dateModified\":\"2023-01-12T06:29:22+00:00\",\"breadcrumb\":{\"@id\":\"https:\\\/\\\/www.inreghin.ro\\\/cabinetstomatologictorokgidro\\\/galerie-imagini\\\/#breadcrumb\"},\"inLanguage\":\"hu\",\"potentialAction\":[{\"@type\":\"ReadAction\",\"target\":[\"https:\\\/\\\/www.inreghin.ro\\\/cabinetstomatologictorokgidro\\\/galerie-imagini\\\/\"]}]},{\"@type\":\"BreadcrumbList\",\"@id\":\"https:\\\/\\\/www.inreghin.ro\\\/cabinetstomatologictorokgidro\\\/galerie-imagini\\\/#breadcrumb\",\"itemListElement\":[{\"@type\":\"ListItem\",\"position\":1,\"name\":\"Home\",\"item\":\"https:\\\/\\\/www.inreghin.ro\\\/cabinetstomatologictorokgidro\\\/\"},{\"@type\":\"ListItem\",\"position\":2,\"name\":\"GALERIE IMAGINI\"}]},{\"@type\":\"WebSite\",\"@id\":\"https:\\\/\\\/www.inreghin.ro\\\/cabinetstomatologictorokgidro\\\/#website\",\"url\":\"https:\\\/\\\/www.inreghin.ro\\\/cabinetstomatologictorokgidro\\\/\",\"name\":\"Cabinet Stomatologic Dr. T\u00f6r\u00f6k-Gidr\u00f3 Orsolya\",\"description\":\"\",\"potentialAction\":[{\"@type\":\"SearchAction\",\"target\":{\"@type\":\"EntryPoint\",\"urlTemplate\":\"https:\\\/\\\/www.inreghin.ro\\\/cabinetstomatologictorokgidro\\\/?s={search_term_string}\"},\"query-input\":{\"@type\":\"PropertyValueSpecification\",\"valueRequired\":true,\"valueName\":\"search_term_string\"}}],\"inLanguage\":\"hu\"}]}<\/script>\n<!-- \/ Yoast SEO plugin. -->","yoast_head_json":{"title":"GALERIE IMAGINI - Cabinet Stomatologic Dr. T\u00f6r\u00f6k-Gidr\u00f3 Orsolya","robots":{"index":"index","follow":"follow","max-snippet":"max-snippet:-1","max-image-preview":"max-image-preview:large","max-video-preview":"max-video-preview:-1"},"canonical":"https:\/\/www.inreghin.ro\/cabinetstomatologictorokgidro\/hu\/galerie-imagini\/","og_locale":"hu_HU","og_type":"article","og_title":"GALERIE IMAGINI - Cabinet Stomatologic Dr. T\u00f6r\u00f6k-Gidr\u00f3 Orsolya","og_url":"https:\/\/www.inreghin.ro\/cabinetstomatologictorokgidro\/hu\/galerie-imagini\/","og_site_name":"Cabinet Stomatologic Dr. T\u00f6r\u00f6k-Gidr\u00f3 Orsolya","article_modified_time":"2023-01-12T06:29:22+00:00","twitter_card":"summary_large_image","schema":{"@context":"https:\/\/schema.org","@graph":[{"@type":"WebPage","@id":"https:\/\/www.inreghin.ro\/cabinetstomatologictorokgidro\/galerie-imagini\/","url":"https:\/\/www.inreghin.ro\/cabinetstomatologictorokgidro\/galerie-imagini\/","name":"GALERIE IMAGINI - Cabinet Stomatologic Dr. T\u00f6r\u00f6k-Gidr\u00f3 Orsolya","isPartOf":{"@id":"https:\/\/www.inreghin.ro\/cabinetstomatologictorokgidro\/#website"},"datePublished":"2023-01-12T06:21:40+00:00","dateModified":"2023-01-12T06:29:22+00:00","breadcrumb":{"@id":"https:\/\/www.inreghin.ro\/cabinetstomatologictorokgidro\/galerie-imagini\/#breadcrumb"},"inLanguage":"hu","potentialAction":[{"@type":"ReadAction","target":["https:\/\/www.inreghin.ro\/cabinetstomatologictorokgidro\/galerie-imagini\/"]}]},{"@type":"BreadcrumbList","@id":"https:\/\/www.inreghin.ro\/cabinetstomatologictorokgidro\/galerie-imagini\/#breadcrumb","itemListElement":[{"@type":"ListItem","position":1,"name":"Home","item":"https:\/\/www.inreghin.ro\/cabinetstomatologictorokgidro\/"},{"@type":"ListItem","position":2,"name":"GALERIE IMAGINI"}]},{"@type":"WebSite","@id":"https:\/\/www.inreghin.ro\/cabinetstomatologictorokgidro\/#website","url":"https:\/\/www.inreghin.ro\/cabinetstomatologictorokgidro\/","name":"A Fog\u00e1szati Dr. T\u00f6r\u00f6k-Gidr\u00f3 Orsolya","description":"","potentialAction":[{"@type":"SearchAction","target":{"@type":"EntryPoint","urlTemplate":"https:\/\/www.inreghin.ro\/cabinetstomatologictorokgidro\/?s={search_term_string}"},"query-input":{"@type":"PropertyValueSpecification","valueRequired":true,"valueName":"search_term_string"}}],"inLanguage":"hu"}]}},"_links":{"self":[{"href":"https:\/\/www.inreghin.ro\/cabinetstomatologictorokgidro\/hu\/wp-json\/wp\/v2\/pages\/163","targetHints":{"allow":["GET"]}}],"collection":[{"href":"https:\/\/www.inreghin.ro\/cabinetstomatologictorokgidro\/hu\/wp-json\/wp\/v2\/pages"}],"about":[{"href":"https:\/\/www.inreghin.ro\/cabinetstomatologictorokgidro\/hu\/wp-json\/wp\/v2\/types\/page"}],"author":[{"embeddable":true,"href":"https:\/\/www.inreghin.ro\/cabinetstomatologictorokgidro\/hu\/wp-json\/wp\/v2\/users\/1"}],"replies":[{"embeddable":true,"href":"https:\/\/www.inreghin.ro\/cabinetstomatologictorokgidro\/hu\/wp-json\/wp\/v2\/comments?post=163"}],"version-history":[{"count":1,"href":"https:\/\/www.inreghin.ro\/cabinetstomatologictorokgidro\/hu\/wp-json\/wp\/v2\/pages\/163\/revisions"}],"predecessor-version":[{"id":164,"href":"https:\/\/www.inreghin.ro\/cabinetstomatologictorokgidro\/hu\/wp-json\/wp\/v2\/pages\/163\/revisions\/164"}],"wp:attachment":[{"href":"https:\/\/www.inreghin.ro\/cabinetstomatologictorokgidro\/hu\/wp-json\/wp\/v2\/media?parent=163"}],"curies":[{"name":"wp","href":"https:\/\/api.w.org\/{rel}","templated":true}]}}